{"id":6,"date":"2023-06-18T11:53:57","date_gmt":"2023-06-18T11:53:57","guid":{"rendered":"https:\/\/a-score.com\/?page_id=6"},"modified":"2023-06-18T22:02:41","modified_gmt":"2023-06-18T21:02:41","slug":"home","status":"publish","type":"page","link":"https:\/\/a-score.com\/","title":{"rendered":"1 A-Score"},"content":{"rendered":"\n<p><strong>A-Score : une vision Quantifi\u00e9e &amp; Coh\u00e9rente de l&#8217;activit\u00e9 hospitali\u00e8re<\/strong><\/p>\n\n\n\n<p><strong>A-Score vous accompagne pour identifier et \u00e9valuer les pistes d&#8217;am\u00e9lioration pour optimiser votre organisation &amp; votre r\u00e9sultat financier<\/strong><\/p>\n\n\n\n<p><strong><em>A-Score r\u00e9pond \u00e0 vos points prioritaires :<\/em><\/strong><\/p>\n\n\n\n<ul class=\"wp-block-list\">\n<li><strong><em>Qualit\u00e9 &amp; Accr\u00e9ditation<\/em><\/strong><\/li>\n\n\n\n<li><strong><em>Optimisation Lean &nbsp;\u00ab&nbsp;Go to Gemba&nbsp;\u00bb<\/em><\/strong><\/li>\n\n\n\n<li><strong><em>Tableaux de bords de gestion<\/em><\/strong><\/li>\n<\/ul>\n\n\n\n<p>Une organisation bien ma\u00eetris\u00e9e contribue \u00e0 am\u00e9liorer la Qualit\u00e9 des soins d\u00e9livr\u00e9s aux patients. Pour renforcer cette ma\u00eetrise, nous pouvons vous partager notre expertise via :<\/p>\n\n\n\n<ul class=\"wp-block-list\">\n<li><em>A-Score-Qualit\u00e9<\/em> : Structurer et faciliter la d\u00e9marche d&#8217;Accr\u00e9ditation [AC, ISO, \u2026]<\/li>\n\n\n\n<li><em>A-Score-Gemba<\/em> : Chasser les gaspillages dans vos processus par une approche Lean<\/li>\n\n\n\n<li><em>A-Score-Control<\/em> : Optimiser vos tableaux de bord financiers et de suivi d&#8217;activit\u00e9s<\/li>\n<\/ul>\n\n\n\n<p>Actifs dans les h\u00f4pitaux depuis plus de 15 ans, notre approche est construite sur l&#8217;exp\u00e9rience du terrain.<\/p>\n\n\n\n<figure class=\"wp-block-image size-large\"><img loading=\"lazy\" decoding=\"async\" width=\"1024\" height=\"620\" src=\"https:\/\/a-score.com\/wp-content\/uploads\/2023\/06\/Structure-data-1024x620.jpg\" alt=\"\" class=\"wp-image-87\" srcset=\"https:\/\/a-score.com\/wp-content\/uploads\/2023\/06\/Structure-data-1024x620.jpg 1024w, https:\/\/a-score.com\/wp-content\/uploads\/2023\/06\/Structure-data-300x182.jpg 300w, https:\/\/a-score.com\/wp-content\/uploads\/2023\/06\/Structure-data-768x465.jpg 768w, https:\/\/a-score.com\/wp-content\/uploads\/2023\/06\/Structure-data.jpg 1113w\" sizes=\"auto, (max-width: 1024px) 100vw, 1024px\" \/><\/figure>\n","protected":false},"excerpt":{"rendered":"<p>A-Score : une vision Quantifi\u00e9e &amp; Coh\u00e9rente de l&#8217;activit\u00e9 hospitali\u00e8re A-Score vous accompagne pour identifier et \u00e9valuer les pistes d&#8217;am\u00e9lioration pour optimiser votre organisation &amp; votre r\u00e9sultat financier A-Score r\u00e9pond \u00e0 vos points prioritaires : Une organisation bien ma\u00eetris\u00e9e contribue \u00e0 am\u00e9liorer la Qualit\u00e9 des soins d\u00e9livr\u00e9s aux patients. Pour renforcer cette ma\u00eetrise, nous pouvons&hellip;&nbsp;<a href=\"https:\/\/a-score.com\/\" class=\"\" rel=\"bookmark\">Read More &raquo;<span class=\"screen-reader-text\">1 A-Score<\/span><\/a><\/p>\n","protected":false},"author":1,"featured_media":0,"parent":0,"menu_order":0,"comment_status":"closed","ping_status":"closed","template":"","meta":{"neve_meta_sidebar":"","neve_meta_container":"","neve_meta_enable_content_width":"on","neve_meta_content_width":100,"neve_meta_title_alignment":"","neve_meta_author_avatar":"","neve_post_elements_order":"","neve_meta_disable_header":"","neve_meta_disable_footer":"","neve_meta_disable_title":"on","footnotes":""},"class_list":["post-6","page","type-page","status-publish","hentry"],"_links":{"self":[{"href":"https:\/\/a-score.com\/index.php\/wp-json\/wp\/v2\/pages\/6","targetHints":{"allow":["GET"]}}],"collection":[{"href":"https:\/\/a-score.com\/index.php\/wp-json\/wp\/v2\/pages"}],"about":[{"href":"https:\/\/a-score.com\/index.php\/wp-json\/wp\/v2\/types\/page"}],"author":[{"embeddable":true,"href":"https:\/\/a-score.com\/index.php\/wp-json\/wp\/v2\/users\/1"}],"replies":[{"embeddable":true,"href":"https:\/\/a-score.com\/index.php\/wp-json\/wp\/v2\/comments?post=6"}],"version-history":[{"count":7,"href":"https:\/\/a-score.com\/index.php\/wp-json\/wp\/v2\/pages\/6\/revisions"}],"predecessor-version":[{"id":88,"href":"https:\/\/a-score.com\/index.php\/wp-json\/wp\/v2\/pages\/6\/revisions\/88"}],"wp:attachment":[{"href":"https:\/\/a-score.com\/index.php\/wp-json\/wp\/v2\/media?parent=6"}],"curies":[{"name":"wp","href":"https:\/\/api.w.org\/{rel}","templated":true}]}}