{"id":7,"date":"2023-06-18T11:53:57","date_gmt":"2023-06-18T11:53:57","guid":{"rendered":"https:\/\/a-score.com\/?page_id=7"},"modified":"2023-06-18T21:53:09","modified_gmt":"2023-06-18T20:53:09","slug":"about","status":"publish","type":"page","link":"https:\/\/a-score.com\/index.php\/about\/","title":{"rendered":"2 Quality"},"content":{"rendered":"\n<figure class=\"wp-block-image size-large is-resized\"><img loading=\"lazy\" decoding=\"async\" src=\"https:\/\/a-score.com\/wp-content\/uploads\/2023\/06\/Image-partenariat_FR-1-1024x512.jpg\" alt=\"\" class=\"wp-image-45\" width=\"561\" height=\"281\" srcset=\"https:\/\/a-score.com\/wp-content\/uploads\/2023\/06\/Image-partenariat_FR-1-1024x512.jpg 1024w, https:\/\/a-score.com\/wp-content\/uploads\/2023\/06\/Image-partenariat_FR-1-300x150.jpg 300w, https:\/\/a-score.com\/wp-content\/uploads\/2023\/06\/Image-partenariat_FR-1-768x384.jpg 768w, https:\/\/a-score.com\/wp-content\/uploads\/2023\/06\/Image-partenariat_FR-1-1536x768.jpg 1536w, https:\/\/a-score.com\/wp-content\/uploads\/2023\/06\/Image-partenariat_FR-1-2048x1024.jpg 2048w\" sizes=\"auto, (max-width: 561px) 100vw, 561px\" \/><\/figure>\n\n\n\n<p><\/p>\n\n\n\n<p><strong>A-Score Quality vous accompagne dans votre d\u00e9marche d&#8217;accr\u00e9ditation et vous aide \u00e0 &#8230;<\/strong><\/p>\n\n\n\n<p><strong>Ma\u00eetriser le processus d&#8217;Accr\u00e9ditation<\/strong><\/p>\n\n\n\n<p>Permettre aux Equipes op\u00e9rationnelles et aux Unit\u00e9s de Soins de<br>comprendre la <strong>valeur ajout\u00e9e du processus d&#8217;Accr\u00e9ditation<\/strong> \u2026<br>\u2026 en restant simple malgr\u00e9 les milliers de crit\u00e8res \u00e0 respecter<\/p>\n\n\n\n<p>A tout moment, disposer d&#8217;une <strong>vue globale consolid\u00e9e<\/strong> et \u00e0 jour<\/p>\n\n\n\n<p>Ne pas ajouter de charge administrative aux Equipes<br>&gt;&gt; Ordre du Jour \/ PV de r\u00e9unions, interactions avec les \u00e9quipes, To Do lists<\/p>\n\n\n\n<p>Inclure le processus d&#8217;Accr\u00e9ditation dans la Strat\u00e9gie de l&#8217;H\u00f4pital<\/p>\n\n\n\n<p>Assurer la <strong>coh\u00e9rence<\/strong> avec d&#8217;autres normes (<em>ISO, \u2026<\/em>) qui compl\u00e8tent le management total de la qualit\u00e9 de l&#8217;h\u00f4pital<\/p>\n\n\n\n<p>Donner un <strong>tableau de bord clair au Management<\/strong> de l&#8217;H\u00f4pital<\/p>\n\n\n\n<p><\/p>\n\n\n\n<p><\/p>\n\n\n\n<p><\/p>\n","protected":false},"excerpt":{"rendered":"<p>A-Score Quality vous accompagne dans votre d\u00e9marche d&#8217;accr\u00e9ditation et vous aide \u00e0 &#8230; Ma\u00eetriser le processus d&#8217;Accr\u00e9ditation Permettre aux Equipes op\u00e9rationnelles et aux Unit\u00e9s de Soins decomprendre la valeur ajout\u00e9e du processus d&#8217;Accr\u00e9ditation \u2026\u2026 en restant simple malgr\u00e9 les milliers de crit\u00e8res \u00e0 respecter A tout moment, disposer d&#8217;une vue globale consolid\u00e9e et \u00e0 jour&hellip;&nbsp;<a href=\"https:\/\/a-score.com\/index.php\/about\/\" class=\"\" rel=\"bookmark\">Read More &raquo;<span class=\"screen-reader-text\">2 Quality<\/span><\/a><\/p>\n","protected":false},"author":1,"featured_media":0,"parent":0,"menu_order":0,"comment_status":"closed","ping_status":"closed","template":"","meta":{"neve_meta_sidebar":"","neve_meta_container":"","neve_meta_enable_content_width":"on","neve_meta_content_width":100,"neve_meta_title_alignment":"","neve_meta_author_avatar":"","neve_post_elements_order":"","neve_meta_disable_header":"","neve_meta_disable_footer":"","neve_meta_disable_title":"on","footnotes":""},"class_list":["post-7","page","type-page","status-publish","hentry"],"_links":{"self":[{"href":"https:\/\/a-score.com\/index.php\/wp-json\/wp\/v2\/pages\/7","targetHints":{"allow":["GET"]}}],"collection":[{"href":"https:\/\/a-score.com\/index.php\/wp-json\/wp\/v2\/pages"}],"about":[{"href":"https:\/\/a-score.com\/index.php\/wp-json\/wp\/v2\/types\/page"}],"author":[{"embeddable":true,"href":"https:\/\/a-score.com\/index.php\/wp-json\/wp\/v2\/users\/1"}],"replies":[{"embeddable":true,"href":"https:\/\/a-score.com\/index.php\/wp-json\/wp\/v2\/comments?post=7"}],"version-history":[{"count":11,"href":"https:\/\/a-score.com\/index.php\/wp-json\/wp\/v2\/pages\/7\/revisions"}],"predecessor-version":[{"id":85,"href":"https:\/\/a-score.com\/index.php\/wp-json\/wp\/v2\/pages\/7\/revisions\/85"}],"wp:attachment":[{"href":"https:\/\/a-score.com\/index.php\/wp-json\/wp\/v2\/media?parent=7"}],"curies":[{"name":"wp","href":"https:\/\/api.w.org\/{rel}","templated":true}]}}