{"id":9,"date":"2023-06-18T11:53:57","date_gmt":"2023-06-18T11:53:57","guid":{"rendered":"https:\/\/a-score.com\/?page_id=9"},"modified":"2023-06-18T21:49:42","modified_gmt":"2023-06-18T20:49:42","slug":"portofolio","status":"publish","type":"page","link":"https:\/\/a-score.com\/index.php\/portofolio\/","title":{"rendered":"3 Gemba-Benchmark"},"content":{"rendered":"\n<p><strong>La crise COVID a renforc\u00e9 cette prise de conscience que le personnel infirmier est une ressource rare qu&#8217;il faut allouer en priorit\u00e9 aux activit\u00e9s de soins aux patients<\/strong><\/p>\n\n\n\n<p><strong>Vos priorit\u00e9s :<\/strong><br>&#8211; Permettre que les activit\u00e9s de l&#8217;h\u00f4pital soient men\u00e9es \u00e0 bien, par les personnes ad\u00e9quates<br>&#8211; Donner les moyens de r\u00e9aliser ces t\u00e2ches, de fa\u00e7on efficiente, dans de bonnes conditions<br>&#8211; Assurer la continuit\u00e9 des soins<\/p>\n\n\n\n<p><strong>A-Score vous aide \u00e0 cibler les opportunit\u00e9s d&#8217;am\u00e9liorations<\/strong><br>&#8211; Objectiver les activit\u00e9s de terrain<br>&#8211; Identifier les pistes d&#8217;am\u00e9liorations<br>&#8211; Valoriser les enjeux<br>&#8211; Proposer des chantiers d&#8217;\u00e9volutions &#8230;<br>&#8230; et vous accompagner pour les mettre en oeuvre<br><strong><em>avec l&#8217;implication de tous<\/em><\/strong> !<\/p>\n\n\n\n<figure class=\"wp-block-image size-large\"><img loading=\"lazy\" decoding=\"async\" width=\"1024\" height=\"742\" src=\"https:\/\/a-score.com\/wp-content\/uploads\/2023\/06\/Chantiers-devlutions-2-1024x742.jpg\" alt=\"\" class=\"wp-image-81\" srcset=\"https:\/\/a-score.com\/wp-content\/uploads\/2023\/06\/Chantiers-devlutions-2-1024x742.jpg 1024w, https:\/\/a-score.com\/wp-content\/uploads\/2023\/06\/Chantiers-devlutions-2-300x217.jpg 300w, https:\/\/a-score.com\/wp-content\/uploads\/2023\/06\/Chantiers-devlutions-2-768x557.jpg 768w, https:\/\/a-score.com\/wp-content\/uploads\/2023\/06\/Chantiers-devlutions-2.jpg 1406w\" sizes=\"auto, (max-width: 1024px) 100vw, 1024px\" \/><\/figure>\n","protected":false},"excerpt":{"rendered":"<p>La crise COVID a renforc\u00e9 cette prise de conscience que le personnel infirmier est une ressource rare qu&#8217;il faut allouer en priorit\u00e9 aux activit\u00e9s de soins aux patients Vos priorit\u00e9s :&#8211; Permettre que les activit\u00e9s de l&#8217;h\u00f4pital soient men\u00e9es \u00e0 bien, par les personnes ad\u00e9quates&#8211; Donner les moyens de r\u00e9aliser ces t\u00e2ches, de fa\u00e7on efficiente,&hellip;&nbsp;<a href=\"https:\/\/a-score.com\/index.php\/portofolio\/\" class=\"\" rel=\"bookmark\">Read More &raquo;<span class=\"screen-reader-text\">3 Gemba-Benchmark<\/span><\/a><\/p>\n","protected":false},"author":1,"featured_media":0,"parent":0,"menu_order":0,"comment_status":"closed","ping_status":"closed","template":"","meta":{"neve_meta_sidebar":"","neve_meta_container":"","neve_meta_enable_content_width":"on","neve_meta_content_width":100,"neve_meta_title_alignment":"","neve_meta_author_avatar":"","neve_post_elements_order":"","neve_meta_disable_header":"","neve_meta_disable_footer":"","neve_meta_disable_title":"on","footnotes":""},"class_list":["post-9","page","type-page","status-publish","hentry"],"_links":{"self":[{"href":"https:\/\/a-score.com\/index.php\/wp-json\/wp\/v2\/pages\/9","targetHints":{"allow":["GET"]}}],"collection":[{"href":"https:\/\/a-score.com\/index.php\/wp-json\/wp\/v2\/pages"}],"about":[{"href":"https:\/\/a-score.com\/index.php\/wp-json\/wp\/v2\/types\/page"}],"author":[{"embeddable":true,"href":"https:\/\/a-score.com\/index.php\/wp-json\/wp\/v2\/users\/1"}],"replies":[{"embeddable":true,"href":"https:\/\/a-score.com\/index.php\/wp-json\/wp\/v2\/comments?post=9"}],"version-history":[{"count":4,"href":"https:\/\/a-score.com\/index.php\/wp-json\/wp\/v2\/pages\/9\/revisions"}],"predecessor-version":[{"id":82,"href":"https:\/\/a-score.com\/index.php\/wp-json\/wp\/v2\/pages\/9\/revisions\/82"}],"wp:attachment":[{"href":"https:\/\/a-score.com\/index.php\/wp-json\/wp\/v2\/media?parent=9"}],"curies":[{"name":"wp","href":"https:\/\/api.w.org\/{rel}","templated":true}]}}